{"id":13,"date":"2024-12-18T11:17:53","date_gmt":"2024-12-18T11:17:53","guid":{"rendered":"https:\/\/cuirbycarlos.com\/es\/?post_type=product&#038;p=13"},"modified":"2025-03-12T00:45:30","modified_gmt":"2025-03-12T00:45:30","slug":"cinturon-de-cuero-vacuno-color-tan-para-hombre","status":"publish","type":"product","link":"https:\/\/cuirbycarlos.com\/es\/producto\/cinturon-de-cuero-vacuno-color-tan-para-hombre\/","title":{"rendered":"Cintur\u00f3n de cuero vacuno color tan para hombre"},"content":{"rendered":"<p>Este cintur\u00f3n de cuero color tan combina simplicidad y elegancia, lo que lo convierte en una opci\u00f3n ideal para el uso diario, atuendos de trabajo, ocasiones especiales, uniformes o reuniones de negocios. Con tama\u00f1os variados disponibles en lotes de diez, satisface las necesidades de la mayor\u00eda de los hombres. Logra un look impecable con este cintur\u00f3n de tono co\u00f1ac elegante.<\/p>\n","protected":false},"excerpt":{"rendered":"<p>Este cintur\u00f3n de cuero color tan combina simplicidad y elegancia, ideal para el uso diario, atuendos de trabajo, ocasiones especiales, uniformes o reuniones de negocios. Disponible en diferentes tama\u00f1os en lotes de diez, satisface las necesidades de la mayor\u00eda de los hombres. Logra un look impecable con este elegante cintur\u00f3n de tono co\u00f1ac.<\/p>\n","protected":false},"featured_media":84,"comment_status":"open","ping_status":"closed","template":"","meta":{"_acf_changed":false,"site-sidebar-layout":"default","site-content-layout":"","ast-site-content-layout":"default","site-content-style":"default","site-sidebar-style":"default","ast-global-header-display":"","ast-banner-title-visibility":"","ast-main-header-display":"","ast-hfb-above-header-display":"","ast-hfb-below-header-display":"","ast-hfb-mobile-header-display":"","site-post-title":"","ast-breadcrumbs-content":"","ast-featured-img":"","footer-sml-layout":"","theme-transparent-header-meta":"default","adv-header-id-meta":"","stick-header-meta":"","header-above-stick-meta":"","header-main-stick-meta":"","header-below-stick-meta":"","astra-migrate-meta-layouts":"set","ast-page-background-enabled":"default","ast-page-background-meta":{"desktop":{"background-color":"var(--ast-global-color-4)","background-image":"","background-repeat":"repeat","background-position":"center center","background-size":"auto","background-attachment":"scroll","background-type":"","background-media":"","overlay-type":"","overlay-color":"","overlay-opacity":"","overlay-gradient":""},"tablet":{"background-color":"","background-image":"","background-repeat":"repeat","background-position":"center center","background-size":"auto","background-attachment":"scroll","background-type":"","background-media":"","overlay-type":"","overlay-color":"","overlay-opacity":"","overlay-gradient":""},"mobile":{"background-color":"","background-image":"","background-repeat":"repeat","background-position":"center center","background-size":"auto","background-attachment":"scroll","background-type":"","background-media":"","overlay-type":"","overlay-color":"","overlay-opacity":"","overlay-gradient":""}},"ast-content-background-meta":{"desktop":{"background-color":"var(--ast-global-color-5)","background-image":"","background-repeat":"repeat","background-position":"center center","background-size":"auto","background-attachment":"scroll","background-type":"","background-media":"","overlay-type":"","overlay-color":"","overlay-opacity":"","overlay-gradient":""},"tablet":{"background-color":"var(--ast-global-color-5)","background-image":"","background-repeat":"repeat","background-position":"center center","background-size":"auto","background-attachment":"scroll","background-type":"","background-media":"","overlay-type":"","overlay-color":"","overlay-opacity":"","overlay-gradient":""},"mobile":{"background-color":"var(--ast-global-color-5)","background-image":"","background-repeat":"repeat","background-position":"center center","background-size":"auto","background-attachment":"scroll","background-type":"","background-media":"","overlay-type":"","overlay-color":"","overlay-opacity":"","overlay-gradient":""}}},"product_brand":[],"product_cat":[16],"product_tag":[17,18,19],"class_list":{"0":"post-13","1":"product","2":"type-product","3":"status-publish","4":"has-post-thumbnail","6":"product_cat-cinturones-de-cuero","7":"product_tag-cinturon-casual","8":"product_tag-cinturon-para-hombre","9":"product_tag-cinturones-de-cuero","10":"desktop-align-left","11":"tablet-align-left","12":"mobile-align-left","14":"first","15":"instock","16":"shipping-taxable","17":"product-type-simple"},"acf":[],"_links":{"self":[{"href":"https:\/\/cuirbycarlos.com\/es\/wp-json\/wp\/v2\/product\/13","targetHints":{"allow":["GET"]}}],"collection":[{"href":"https:\/\/cuirbycarlos.com\/es\/wp-json\/wp\/v2\/product"}],"about":[{"href":"https:\/\/cuirbycarlos.com\/es\/wp-json\/wp\/v2\/types\/product"}],"replies":[{"embeddable":true,"href":"https:\/\/cuirbycarlos.com\/es\/wp-json\/wp\/v2\/comments?post=13"}],"wp:featuredmedia":[{"embeddable":true,"href":"https:\/\/cuirbycarlos.com\/es\/wp-json\/wp\/v2\/media\/84"}],"wp:attachment":[{"href":"https:\/\/cuirbycarlos.com\/es\/wp-json\/wp\/v2\/media?parent=13"}],"wp:term":[{"taxonomy":"product_brand","embeddable":true,"href":"https:\/\/cuirbycarlos.com\/es\/wp-json\/wp\/v2\/product_brand?post=13"},{"taxonomy":"product_cat","embeddable":true,"href":"https:\/\/cuirbycarlos.com\/es\/wp-json\/wp\/v2\/product_cat?post=13"},{"taxonomy":"product_tag","embeddable":true,"href":"https:\/\/cuirbycarlos.com\/es\/wp-json\/wp\/v2\/product_tag?post=13"}],"curies":[{"name":"wp","href":"https:\/\/api.w.org\/{rel}","templated":true}]}}